{"id":169,"date":"2014-10-13T08:49:34","date_gmt":"2014-10-13T06:49:34","guid":{"rendered":"https:\/\/www.kgv-johannestal.de\/?page_id=169"},"modified":"2026-04-15T14:40:12","modified_gmt":"2026-04-15T12:40:12","slug":"startseite","status":"publish","type":"page","link":"https:\/\/www.kgv-johannestal.de\/","title":{"rendered":""},"content":{"rendered":"\n<figure class=\"wp-block-image size-large\"><a href=\"https:\/\/www.kgv-johannestal.de\/wp-content\/uploads\/2025\/04\/Maifest2024-scaled.jpg\"><img loading=\"lazy\" decoding=\"async\" width=\"724\" height=\"1024\" src=\"https:\/\/www.kgv-johannestal.de\/wp-content\/uploads\/2025\/04\/Maifest2024-724x1024.jpg\" alt=\"\" class=\"wp-image-2088\" srcset=\"https:\/\/www.kgv-johannestal.de\/wp-content\/uploads\/2025\/04\/Maifest2024-724x1024.jpg 724w, https:\/\/www.kgv-johannestal.de\/wp-content\/uploads\/2025\/04\/Maifest2024-212x300.jpg 212w, https:\/\/www.kgv-johannestal.de\/wp-content\/uploads\/2025\/04\/Maifest2024-768x1086.jpg 768w, https:\/\/www.kgv-johannestal.de\/wp-content\/uploads\/2025\/04\/Maifest2024-1086x1536.jpg 1086w, https:\/\/www.kgv-johannestal.de\/wp-content\/uploads\/2025\/04\/Maifest2024-1448x2048.jpg 1448w, https:\/\/www.kgv-johannestal.de\/wp-content\/uploads\/2025\/04\/Maifest2024-scaled.jpg 1810w\" sizes=\"auto, (max-width: 724px) 100vw, 724px\" \/><\/a><\/figure>\n\n\n\n<div style=\"height:22px\" aria-hidden=\"true\" class=\"wp-block-spacer\"><\/div>\n\n\n<h1><span style=\"color: #008000;\"><strong>Willkommen auf den Seiten des <\/strong><\/span><span style=\"color: #008000;\"><strong>Kleing\u00e4rtnervereins Johannestal e.V.<\/strong><\/span><\/h1>\n\n\n<p>Auf den folgenden Seiten findet ihr Neuigkeiten und Informationen rund um unsere sch\u00f6ne Kleingartenanlage. Ob es freie Parzellen gibt, wann die n\u00e4chste Feier stattfindet, oder ob es eine Bekanntmachung ist. Hier werdet ihr in Zukunft immer auf dem Laufenden gehalten. Wir werden versuchen unser Informationsangebot st\u00e4ndig zu erweitern.<\/p>\n\n\n\n<p>Viel Spa\u00df und gut Gr\u00fcn w\u00fcnscht Euch,<br><em>Euer Vorstand<\/em><\/p>\n","protected":false},"excerpt":{"rendered":"<p>Willkommen auf den Seiten des Kleing\u00e4rtnervereins Johannestal e.V. Auf den folgenden Seiten findet ihr Neuigkeiten und Informationen rund um unsere sch\u00f6ne Kleingartenanlage. Ob es freie Parzellen gibt, wann die n\u00e4chste Feier stattfindet, oder ob es eine Bekanntmachung ist. Hier werdet&hellip; <\/p>\n","protected":false},"author":1,"featured_media":0,"parent":0,"menu_order":0,"comment_status":"closed","ping_status":"closed","template":"","meta":{"footnotes":""},"class_list":["post-169","page","type-page","status-publish","hentry"],"_links":{"self":[{"href":"https:\/\/www.kgv-johannestal.de\/index.php?rest_route=\/wp\/v2\/pages\/169","targetHints":{"allow":["GET"]}}],"collection":[{"href":"https:\/\/www.kgv-johannestal.de\/index.php?rest_route=\/wp\/v2\/pages"}],"about":[{"href":"https:\/\/www.kgv-johannestal.de\/index.php?rest_route=\/wp\/v2\/types\/page"}],"author":[{"embeddable":true,"href":"https:\/\/www.kgv-johannestal.de\/index.php?rest_route=\/wp\/v2\/users\/1"}],"replies":[{"embeddable":true,"href":"https:\/\/www.kgv-johannestal.de\/index.php?rest_route=%2Fwp%2Fv2%2Fcomments&post=169"}],"version-history":[{"count":176,"href":"https:\/\/www.kgv-johannestal.de\/index.php?rest_route=\/wp\/v2\/pages\/169\/revisions"}],"predecessor-version":[{"id":2160,"href":"https:\/\/www.kgv-johannestal.de\/index.php?rest_route=\/wp\/v2\/pages\/169\/revisions\/2160"}],"wp:attachment":[{"href":"https:\/\/www.kgv-johannestal.de\/index.php?rest_route=%2Fwp%2Fv2%2Fmedia&parent=169"}],"curies":[{"name":"wp","href":"https:\/\/api.w.org\/{rel}","templated":true}]}}